{"id":1346,"date":"2020-09-05T02:29:30","date_gmt":"2020-09-05T02:29:30","guid":{"rendered":"https:\/\/financeowl.ee\/?page_id=1346"},"modified":"2026-03-07T10:39:26","modified_gmt":"2026-03-07T08:39:26","slug":"meist","status":"publish","type":"page","link":"https:\/\/financeowl.ee\/en\/meist\/","title":{"rendered":"About Us"},"content":{"rendered":"<div data-elementor-type=\"wp-page\" data-elementor-id=\"1346\" class=\"elementor elementor-1346\" data-elementor-post-type=\"page\">\n\t\t\t\t\t\t<section class=\"elementor-section elementor-top-section elementor-element elementor-element-8f9e174 elementor-section-content-middle elementor-section-boxed elementor-section-height-default elementor-section-height-default\" data-id=\"8f9e174\" data-element_type=\"section\" data-e-type=\"section\" data-settings=\"{&quot;background_background&quot;:&quot;classic&quot;}\">\n\t\t\t\t\t\t<div class=\"elementor-container elementor-column-gap-default\">\n\t\t\t\t\t<div class=\"elementor-column elementor-col-50 elementor-top-column elementor-element elementor-element-5f74b70\" data-id=\"5f74b70\" data-element_type=\"column\" data-e-type=\"column\">\n\t\t\t<div class=\"elementor-widget-wrap elementor-element-populated\">\n\t\t\t\t\t\t<div class=\"elementor-element elementor-element-ba8dcfa elementor-widget__width-initial elementor-widget elementor-widget-heading\" data-id=\"ba8dcfa\" data-element_type=\"widget\" data-e-type=\"widget\" data-widget_type=\"heading.default\">\n\t\t\t\t\t<h1 class=\"elementor-heading-title elementor-size-default\">Accountant with over<br>20 years of experience<\/h1>\t\t\t\t<\/div>\n\t\t\t\t<div class=\"elementor-element elementor-element-cc9b726 elementor-widget-divider--view-line elementor-widget elementor-widget-divider\" data-id=\"cc9b726\" data-element_type=\"widget\" data-e-type=\"widget\" data-widget_type=\"divider.default\">\n\t\t\t\t\t\t\t<div class=\"elementor-divider\">\n\t\t\t<span class=\"elementor-divider-separator\">\n\t\t\t\t\t\t<\/span>\n\t\t<\/div>\n\t\t\t\t\t\t<\/div>\n\t\t\t\t<div class=\"elementor-element elementor-element-58143bc elementor-widget elementor-widget-text-editor\" data-id=\"58143bc\" data-element_type=\"widget\" data-e-type=\"widget\" data-widget_type=\"text-editor.default\">\n\t\t\t\t\t\t\t\t\t<p>I have over 20 years of experience in accounting, managing monthly bookkeeping and tax reporting for both small and larger companies.<br data-start=\"478\" data-end=\"481\" \/>My goal is to ensure that your company\u2019s finances are always accurate, clear, and submitted on time.<\/p>\t\t\t\t\t\t\t\t<\/div>\n\t\t\t\t\t<\/div>\n\t\t<\/div>\n\t\t\t\t<div class=\"elementor-column elementor-col-50 elementor-top-column elementor-element elementor-element-fb29354\" data-id=\"fb29354\" data-element_type=\"column\" data-e-type=\"column\">\n\t\t\t<div class=\"elementor-widget-wrap elementor-element-populated\">\n\t\t\t\t\t\t<div class=\"elementor-element elementor-element-7143f71 elementor-widget__width-initial elementor-widget elementor-widget-image\" data-id=\"7143f71\" data-element_type=\"widget\" data-e-type=\"widget\" data-widget_type=\"image.default\">\n\t\t\t\t\t\t\t\t\t\t\t\t\t\t\t<img fetchpriority=\"high\" decoding=\"async\" width=\"1572\" height=\"1630\" src=\"https:\/\/financeowl.ee\/wp-content\/uploads\/2024\/10\/financeowl-raamatupidamisteenused-8-e1772044032284.jpg\" class=\"attachment-full size-full wp-image-11166\" alt=\"financeowl raamatupidamisteenused 8\" srcset=\"https:\/\/financeowl.ee\/wp-content\/uploads\/2024\/10\/financeowl-raamatupidamisteenused-8-e1772044032284.jpg 1572w, https:\/\/financeowl.ee\/wp-content\/uploads\/2024\/10\/financeowl-raamatupidamisteenused-8-e1772044032284-289x300.jpg 289w, https:\/\/financeowl.ee\/wp-content\/uploads\/2024\/10\/financeowl-raamatupidamisteenused-8-e1772044032284-988x1024.jpg 988w, https:\/\/financeowl.ee\/wp-content\/uploads\/2024\/10\/financeowl-raamatupidamisteenused-8-e1772044032284-768x796.jpg 768w, https:\/\/financeowl.ee\/wp-content\/uploads\/2024\/10\/financeowl-raamatupidamisteenused-8-e1772044032284-1481x1536.jpg 1481w, https:\/\/financeowl.ee\/wp-content\/uploads\/2024\/10\/financeowl-raamatupidamisteenused-8-e1772044032284-12x12.jpg 12w\" sizes=\"(max-width: 1572px) 100vw, 1572px\" \/>\t\t\t\t\t\t\t\t\t\t\t\t\t\t\t<\/div>\n\t\t\t\t\t<\/div>\n\t\t<\/div>\n\t\t\t\t\t<\/div>\n\t\t<\/section>\n\t\t\t\t<section class=\"elementor-section elementor-top-section elementor-element elementor-element-06024b5 elementor-section-boxed elementor-section-height-default elementor-section-height-default\" data-id=\"06024b5\" data-element_type=\"section\" data-e-type=\"section\" data-settings=\"{&quot;background_background&quot;:&quot;classic&quot;}\">\n\t\t\t\t\t\t\t<div class=\"elementor-background-overlay\"><\/div>\n\t\t\t\t\t\t\t<div class=\"elementor-container elementor-column-gap-default\">\n\t\t\t\t\t<div class=\"elementor-column elementor-col-100 elementor-top-column elementor-element elementor-element-fbd04bd\" data-id=\"fbd04bd\" data-element_type=\"column\" data-e-type=\"column\">\n\t\t\t<div class=\"elementor-widget-wrap elementor-element-populated\">\n\t\t\t\t\t\t<div class=\"elementor-element elementor-element-224c976 elementor-widget elementor-widget-heading\" data-id=\"224c976\" data-element_type=\"widget\" data-e-type=\"widget\" data-widget_type=\"heading.default\">\n\t\t\t\t\t<h2 class=\"elementor-heading-title elementor-size-default\">Diverse experience with different companies<\/h2>\t\t\t\t<\/div>\n\t\t\t\t\t<\/div>\n\t\t<\/div>\n\t\t\t\t\t<\/div>\n\t\t<\/section>\n\t\t\t\t<section class=\"elementor-section elementor-top-section elementor-element elementor-element-58defbe elementor-section-boxed elementor-section-height-default elementor-section-height-default\" data-id=\"58defbe\" data-element_type=\"section\" data-e-type=\"section\">\n\t\t\t\t\t\t<div class=\"elementor-container elementor-column-gap-default\">\n\t\t\t\t\t<div class=\"elementor-column elementor-col-100 elementor-top-column elementor-element elementor-element-7626acf\" data-id=\"7626acf\" data-element_type=\"column\" data-e-type=\"column\">\n\t\t\t<div class=\"elementor-widget-wrap elementor-element-populated\">\n\t\t\t\t\t\t<div class=\"elementor-element elementor-element-90b9f50 elementor-widget elementor-widget-text-editor\" data-id=\"90b9f50\" data-element_type=\"widget\" data-e-type=\"widget\" data-widget_type=\"text-editor.default\">\n\t\t\t\t\t\t\t\t\t<blockquote data-start=\"311\" data-end=\"686\"><p data-start=\"313\" data-end=\"514\">Throughout my career, I have worked both in an international manufacturing company and in an accounting firm, where I was responsible for the monthly bookkeeping of approximately 30 companies simultaneously.<\/p><p data-start=\"313\" data-end=\"514\">I have worked with companies from a wide range of industries, which has given me a strong practical understanding of different business models and financial structures.<\/p><\/blockquote>\t\t\t\t\t\t\t\t<\/div>\n\t\t\t\t\t<\/div>\n\t\t<\/div>\n\t\t\t\t\t<\/div>\n\t\t<\/section>\n\t\t\t\t<section class=\"elementor-section elementor-top-section elementor-element elementor-element-fe41b57 elementor-section-boxed elementor-section-height-default elementor-section-height-default\" data-id=\"fe41b57\" data-element_type=\"section\" data-e-type=\"section\">\n\t\t\t\t\t\t<div class=\"elementor-container elementor-column-gap-default\">\n\t\t\t\t\t<div class=\"elementor-column elementor-col-50 elementor-top-column elementor-element elementor-element-264d3f6\" data-id=\"264d3f6\" data-element_type=\"column\" data-e-type=\"column\">\n\t\t\t<div class=\"elementor-widget-wrap elementor-element-populated\">\n\t\t\t\t\t\t<div class=\"elementor-element elementor-element-19a55a5 elementor-widget elementor-widget-text-editor\" data-id=\"19a55a5\" data-element_type=\"widget\" data-e-type=\"widget\" data-widget_type=\"text-editor.default\">\n\t\t\t\t\t\t\t\t\t<ul data-start=\"711\" data-end=\"895\"><li data-start=\"711\" data-end=\"737\"><p data-start=\"713\" data-end=\"737\">Wholesale and retail trade<\/p><\/li><li data-start=\"738\" data-end=\"753\"><p data-start=\"740\" data-end=\"753\">e-commerce<\/p><\/li><li data-start=\"754\" data-end=\"786\"><p data-start=\"756\" data-end=\"786\">Services and small businesses<\/p><\/li><li data-start=\"787\" data-end=\"801\"><p data-start=\"789\" data-end=\"801\">Restaurants<\/p><\/li><\/ul>\t\t\t\t\t\t\t\t<\/div>\n\t\t\t\t\t<\/div>\n\t\t<\/div>\n\t\t\t\t<div class=\"elementor-column elementor-col-50 elementor-top-column elementor-element elementor-element-ac3a878\" data-id=\"ac3a878\" data-element_type=\"column\" data-e-type=\"column\">\n\t\t\t<div class=\"elementor-widget-wrap elementor-element-populated\">\n\t\t\t\t\t\t<div class=\"elementor-element elementor-element-530ad74 elementor-widget elementor-widget-text-editor\" data-id=\"530ad74\" data-element_type=\"widget\" data-e-type=\"widget\" data-widget_type=\"text-editor.default\">\n\t\t\t\t\t\t\t\t\t<ul data-start=\"711\" data-end=\"895\"><li data-start=\"802\" data-end=\"812\"><p data-start=\"804\" data-end=\"812\">Construction<\/p><\/li><li data-start=\"813\" data-end=\"827\"><p data-start=\"815\" data-end=\"827\">Real estate<\/p><\/li><li data-start=\"828\" data-end=\"855\"><p data-start=\"830\" data-end=\"855\">Apartment associations and non-profit organizations<\/p><\/li><li data-start=\"856\" data-end=\"895\"><p data-start=\"858\" data-end=\"895\">Holding and investment companies<\/p><\/li><\/ul>\t\t\t\t\t\t\t\t<\/div>\n\t\t\t\t\t<\/div>\n\t\t<\/div>\n\t\t\t\t\t<\/div>\n\t\t<\/section>\n\t\t\t\t<section class=\"elementor-section elementor-top-section elementor-element elementor-element-abb3b5d elementor-section-boxed elementor-section-height-default elementor-section-height-default\" data-id=\"abb3b5d\" data-element_type=\"section\" data-e-type=\"section\">\n\t\t\t\t\t\t<div class=\"elementor-container elementor-column-gap-default\">\n\t\t\t\t\t<div class=\"elementor-column elementor-col-100 elementor-top-column elementor-element elementor-element-f60d84e\" data-id=\"f60d84e\" data-element_type=\"column\" data-e-type=\"column\">\n\t\t\t<div class=\"elementor-widget-wrap elementor-element-populated\">\n\t\t\t\t\t\t<div class=\"elementor-element elementor-element-6a806f9 elementor-widget elementor-widget-heading\" data-id=\"6a806f9\" data-element_type=\"widget\" data-e-type=\"widget\" data-widget_type=\"heading.default\">\n\t\t\t\t\t<h2 class=\"elementor-heading-title elementor-size-default\">What my clients value<\/h2>\t\t\t\t<\/div>\n\t\t\t\t\t<\/div>\n\t\t<\/div>\n\t\t\t\t\t<\/div>\n\t\t<\/section>\n\t\t\t\t<section class=\"elementor-section elementor-top-section elementor-element elementor-element-099c78b elementor-section-boxed elementor-section-height-default elementor-section-height-default\" data-id=\"099c78b\" data-element_type=\"section\" data-e-type=\"section\">\n\t\t\t\t\t\t<div class=\"elementor-container elementor-column-gap-default\">\n\t\t\t\t\t<div class=\"elementor-column elementor-col-100 elementor-top-column elementor-element elementor-element-93dff9b\" data-id=\"93dff9b\" data-element_type=\"column\" data-e-type=\"column\">\n\t\t\t<div class=\"elementor-widget-wrap elementor-element-populated\">\n\t\t\t\t\t\t<div class=\"elementor-element elementor-element-15a219a elementor-widget elementor-widget-text-editor\" data-id=\"15a219a\" data-element_type=\"widget\" data-e-type=\"widget\" data-widget_type=\"text-editor.default\">\n\t\t\t\t\t\t\t\t\t<p>\u2714 Accuracy and precision<br data-start=\"991\" data-end=\"994\" \/>\u2714 Timely submission of tax reports<br data-start=\"1030\" data-end=\"1033\" \/>\u2714 Clear and calm communication<br data-start=\"1059\" data-end=\"1062\" \/>\u2714 Adherence to agreed deadlines<\/p><p>I believe business owners should be able to focus on their core activities, knowing that their accounting is handled reliably.<\/p>\t\t\t\t\t\t\t\t<\/div>\n\t\t\t\t\t<\/div>\n\t\t<\/div>\n\t\t\t\t\t<\/div>\n\t\t<\/section>\n\t\t\t\t<section class=\"elementor-section elementor-top-section elementor-element elementor-element-ad30746 elementor-section-boxed elementor-section-height-default elementor-section-height-default\" data-id=\"ad30746\" data-element_type=\"section\" data-e-type=\"section\">\n\t\t\t\t\t\t<div class=\"elementor-container elementor-column-gap-default\">\n\t\t\t\t\t<div class=\"elementor-column elementor-col-100 elementor-top-column elementor-element elementor-element-a337d5b\" data-id=\"a337d5b\" data-element_type=\"column\" data-e-type=\"column\">\n\t\t\t<div class=\"elementor-widget-wrap\">\n\t\t\t\t\t\t\t<\/div>\n\t\t<\/div>\n\t\t\t\t\t<\/div>\n\t\t<\/section>\n\t\t\t\t<section class=\"elementor-section elementor-top-section elementor-element elementor-element-4e1866a elementor-section-boxed elementor-section-height-default elementor-section-height-default\" data-id=\"4e1866a\" data-element_type=\"section\" data-e-type=\"section\">\n\t\t\t\t\t\t<div class=\"elementor-container elementor-column-gap-default\">\n\t\t\t\t\t<div class=\"elementor-column elementor-col-100 elementor-top-column elementor-element elementor-element-c4f935b\" data-id=\"c4f935b\" data-element_type=\"column\" data-e-type=\"column\">\n\t\t\t<div class=\"elementor-widget-wrap elementor-element-populated\">\n\t\t\t\t\t\t<div class=\"elementor-element elementor-element-7cfc8f7 elementor-widget elementor-widget-heading\" data-id=\"7cfc8f7\" data-element_type=\"widget\" data-e-type=\"widget\" data-widget_type=\"heading.default\">\n\t\t\t\t\t<h2 class=\"elementor-heading-title elementor-size-default\">Who is FinanceOwl for?<\/h2>\t\t\t\t<\/div>\n\t\t\t\t<div class=\"elementor-element elementor-element-995e68a elementor-widget elementor-widget-text-editor\" data-id=\"995e68a\" data-element_type=\"widget\" data-e-type=\"widget\" data-widget_type=\"text-editor.default\">\n\t\t\t\t\t\t\t\t\t<blockquote data-start=\"1318\" data-end=\"1471\"><p>\u00a0<\/p><p data-start=\"1320\" data-end=\"1471\">FinanceOwl is suited for business owners who are looking for professional and reliable cooperation, with the confidence that all financial obligations are handled correctly.<\/p><\/blockquote><ul data-start=\"1484\" data-end=\"1618\"><li data-start=\"1484\" data-end=\"1526\"><p data-start=\"1486\" data-end=\"1526\">Looking for a fixed and transparent monthly fee<\/p><\/li><li data-start=\"1527\" data-end=\"1558\"><p data-start=\"1529\" data-end=\"1558\">Value long-term cooperation<\/p><\/li><li data-start=\"1559\" data-end=\"1618\"><p data-start=\"1561\" data-end=\"1618\">Looking for an experienced partner, not just a service provider<\/p><\/li><\/ul>\t\t\t\t\t\t\t\t<\/div>\n\t\t\t\t\t<\/div>\n\t\t<\/div>\n\t\t\t\t\t<\/div>\n\t\t<\/section>\n\t\t\t\t<\/div>","protected":false},"excerpt":{"rendered":"<p>Raamatupidaja \u00fcle20-aastase kogemusega Olen \u00fcle 20 aasta tegutsenud raamatupidamise valdkonnas ning vastutanud nii v\u00e4ikeste kui ka suuremate ettev\u00f5tete igakuise arvestuse ja maksuaruandluse eest.Minu eesm\u00e4rk on tagada, et sinu ettev\u00f5tte finantsid oleksid alati korras, selged ja \u00f5igeaegselt esitatud. Mitmekesine kogemus erinevate ettev\u00f5tetega Oma karj\u00e4\u00e4ri jooksul olen t\u00f6\u00f6tanud nii rahvusvahelises tootmisettev\u00f5ttes kui ka raamatupidamisteenuseid pakkuvas ettev\u00f5ttes, kus [&hellip;]<\/p>\n","protected":false},"author":1,"featured_media":7633,"parent":0,"menu_order":0,"comment_status":"closed","ping_status":"closed","template":"elementor_header_footer","meta":{"_seopress_robots_primary_cat":"","_seopress_titles_title":"Raamatupidaja \u00fcle 20-aastase kogemusega | FinanceOwl","_seopress_titles_desc":"Kogenud raamatupidaja Eesti ettev\u00f5tetele. \u00dcle 20 aasta kogemust. K\u00fcsi raamatupidamise pakkumist.","_seopress_robots_index":"","footnotes":""},"class_list":["post-1346","page","type-page","status-publish","has-post-thumbnail","hentry"],"_links":{"self":[{"href":"https:\/\/financeowl.ee\/en\/wp-json\/wp\/v2\/pages\/1346","targetHints":{"allow":["GET"]}}],"collection":[{"href":"https:\/\/financeowl.ee\/en\/wp-json\/wp\/v2\/pages"}],"about":[{"href":"https:\/\/financeowl.ee\/en\/wp-json\/wp\/v2\/types\/page"}],"author":[{"embeddable":true,"href":"https:\/\/financeowl.ee\/en\/wp-json\/wp\/v2\/users\/1"}],"replies":[{"embeddable":true,"href":"https:\/\/financeowl.ee\/en\/wp-json\/wp\/v2\/comments?post=1346"}],"version-history":[{"count":166,"href":"https:\/\/financeowl.ee\/en\/wp-json\/wp\/v2\/pages\/1346\/revisions"}],"predecessor-version":[{"id":37678,"href":"https:\/\/financeowl.ee\/en\/wp-json\/wp\/v2\/pages\/1346\/revisions\/37678"}],"wp:featuredmedia":[{"embeddable":true,"href":"https:\/\/financeowl.ee\/en\/wp-json\/wp\/v2\/media\/7633"}],"wp:attachment":[{"href":"https:\/\/financeowl.ee\/en\/wp-json\/wp\/v2\/media?parent=1346"}],"curies":[{"name":"wp","href":"https:\/\/api.w.org\/{rel}","templated":true}]}}