{"id":35798,"date":"2026-02-22T19:21:11","date_gmt":"2026-02-22T17:21:11","guid":{"rendered":"https:\/\/financeowl.ee\/?page_id=35798"},"modified":"2026-02-22T20:02:31","modified_gmt":"2026-02-22T18:02:31","slug":"teenused","status":"publish","type":"page","link":"https:\/\/financeowl.ee\/en\/teenused\/","title":{"rendered":"Services"},"content":{"rendered":"<div data-elementor-type=\"wp-page\" data-elementor-id=\"35798\" class=\"elementor elementor-35798\" data-elementor-post-type=\"page\">\n\t\t\t\t\t\t<section class=\"elementor-section elementor-top-section elementor-element elementor-element-deb5ee5 elementor-section-boxed elementor-section-height-default elementor-section-height-default\" data-id=\"deb5ee5\" data-element_type=\"section\" data-e-type=\"section\">\n\t\t\t\t\t\t<div class=\"elementor-container elementor-column-gap-default\">\n\t\t\t\t\t<div class=\"elementor-column elementor-col-100 elementor-top-column elementor-element elementor-element-d46ef01\" data-id=\"d46ef01\" data-element_type=\"column\" data-e-type=\"column\">\n\t\t\t<div class=\"elementor-widget-wrap elementor-element-populated\">\n\t\t\t\t\t\t<div class=\"elementor-element elementor-element-f013364 elementor-widget elementor-widget-heading\" data-id=\"f013364\" data-element_type=\"widget\" data-e-type=\"widget\" data-widget_type=\"heading.default\">\n\t\t\t\t\t<h1 class=\"elementor-heading-title elementor-size-default\">Raamatupidamisteenused ettev\u00f5tjale, kes tahab kindlust ja selgust<\/h1>\t\t\t\t<\/div>\n\t\t\t\t\t<\/div>\n\t\t<\/div>\n\t\t\t\t\t<\/div>\n\t\t<\/section>\n\t\t\t\t<section class=\"elementor-section elementor-top-section elementor-element elementor-element-cdcb6f4 elementor-section-boxed elementor-section-height-default elementor-section-height-default\" data-id=\"cdcb6f4\" data-element_type=\"section\" data-e-type=\"section\">\n\t\t\t\t\t\t<div class=\"elementor-container elementor-column-gap-default\">\n\t\t\t\t\t<div class=\"elementor-column elementor-col-100 elementor-top-column elementor-element elementor-element-f7137d7\" data-id=\"f7137d7\" data-element_type=\"column\" data-e-type=\"column\">\n\t\t\t<div class=\"elementor-widget-wrap elementor-element-populated\">\n\t\t\t\t\t\t<div class=\"elementor-element elementor-element-14450d7 elementor-widget elementor-widget-text-editor\" data-id=\"14450d7\" data-element_type=\"widget\" data-e-type=\"widget\" data-widget_type=\"text-editor.default\">\n\t\t\t\t\t\t\t\t\t<p>Kuup\u00f5hine teenus ilma \u00fcllatusteta.<br data-start=\"510\" data-end=\"513\" \/>Selge hinnastus. Vastus 24 tunni jooksul<\/p>\t\t\t\t\t\t\t\t<\/div>\n\t\t\t\t\t<\/div>\n\t\t<\/div>\n\t\t\t\t\t<\/div>\n\t\t<\/section>\n\t\t\t\t<section class=\"elementor-section elementor-top-section elementor-element elementor-element-8f8b5db elementor-section-boxed elementor-section-height-default elementor-section-height-default\" data-id=\"8f8b5db\" data-element_type=\"section\" data-e-type=\"section\">\n\t\t\t\t\t\t<div class=\"elementor-container elementor-column-gap-default\">\n\t\t\t\t\t<div class=\"elementor-column elementor-col-50 elementor-top-column elementor-element elementor-element-0f522c5\" data-id=\"0f522c5\" data-element_type=\"column\" data-e-type=\"column\">\n\t\t\t<div class=\"elementor-widget-wrap elementor-element-populated\">\n\t\t\t\t\t\t<div class=\"elementor-element elementor-element-2760f45 elementor-align-right elementor-widget elementor-widget-elementskit-button\" data-id=\"2760f45\" data-element_type=\"widget\" data-e-type=\"widget\" data-widget_type=\"elementskit-button.default\">\n\t\t\t\t\t<div class=\"ekit-wid-con\" >\t\t<div class=\"ekit-btn-wraper\">\n\t\t\t\t\t\t\t<a href=\"https:\/\/financeowl.ee\/en\/kontakt\/\" class=\"elementskit-btn  whitespace--normal\" id=\"\">\n\t\t\t\t\tAsk an offer\t\t\t\t<\/a>\n\t\t\t\t\t<\/div>\n        <\/div>\t\t\t\t<\/div>\n\t\t\t\t\t<\/div>\n\t\t<\/div>\n\t\t\t\t<div class=\"elementor-column elementor-col-50 elementor-top-column elementor-element elementor-element-e8e17ed\" data-id=\"e8e17ed\" data-element_type=\"column\" data-e-type=\"column\">\n\t\t\t<div class=\"elementor-widget-wrap elementor-element-populated\">\n\t\t\t\t\t\t<div class=\"elementor-element elementor-element-314266e elementor-align-right elementor-widget__width-initial elementor-widget elementor-widget-elementskit-button\" data-id=\"314266e\" data-element_type=\"widget\" data-e-type=\"widget\" data-widget_type=\"elementskit-button.default\">\n\t\t\t\t\t<div class=\"ekit-wid-con\" >\t\t<div class=\"ekit-btn-wraper\">\n\t\t\t\t\t\t\t<a href=\"https:\/\/financeowl.ee\/en\/raamatupidamisteenuse-hind\/\" class=\"elementskit-btn  whitespace--normal\" id=\"\">\n\t\t\t\t\tVaata hindu\t\t\t\t<\/a>\n\t\t\t\t\t<\/div>\n        <\/div>\t\t\t\t<\/div>\n\t\t\t\t\t<\/div>\n\t\t<\/div>\n\t\t\t\t\t<\/div>\n\t\t<\/section>\n\t\t\t\t<section class=\"elementor-section elementor-top-section elementor-element elementor-element-4ac4dd7 elementor-section-boxed elementor-section-height-default elementor-section-height-default\" data-id=\"4ac4dd7\" data-element_type=\"section\" data-e-type=\"section\">\n\t\t\t\t\t\t<div class=\"elementor-container elementor-column-gap-default\">\n\t\t\t\t\t<div class=\"elementor-column elementor-col-100 elementor-top-column elementor-element elementor-element-801d9f8\" data-id=\"801d9f8\" data-element_type=\"column\" data-e-type=\"column\">\n\t\t\t<div class=\"elementor-widget-wrap elementor-element-populated\">\n\t\t\t\t\t\t<div class=\"elementor-element elementor-element-5494a3e elementor-widget elementor-widget-heading\" data-id=\"5494a3e\" data-element_type=\"widget\" data-e-type=\"widget\" data-widget_type=\"heading.default\">\n\t\t\t\t\t<h2 class=\"elementor-heading-title elementor-size-default\">Igakuine raamatupidamine<\/h2>\t\t\t\t<\/div>\n\t\t\t\t\t<\/div>\n\t\t<\/div>\n\t\t\t\t\t<\/div>\n\t\t<\/section>\n\t\t\t\t<section class=\"elementor-section elementor-top-section elementor-element elementor-element-fa412c1 elementor-section-boxed elementor-section-height-default elementor-section-height-default\" data-id=\"fa412c1\" data-element_type=\"section\" data-e-type=\"section\">\n\t\t\t\t\t\t<div class=\"elementor-container elementor-column-gap-default\">\n\t\t\t\t\t<div class=\"elementor-column elementor-col-100 elementor-top-column elementor-element elementor-element-d993ccc\" data-id=\"d993ccc\" data-element_type=\"column\" data-e-type=\"column\">\n\t\t\t<div class=\"elementor-widget-wrap elementor-element-populated\">\n\t\t\t\t\t\t<div class=\"elementor-element elementor-element-c5beeee elementor-widget elementor-widget-text-editor\" data-id=\"c5beeee\" data-element_type=\"widget\" data-e-type=\"widget\" data-widget_type=\"text-editor.default\">\n\t\t\t\t\t\t\t\t\t<ul><li data-start=\"840\" data-end=\"852\"><p data-start=\"842\" data-end=\"852\">Palgalehed<\/p><\/li><li data-start=\"853\" data-end=\"872\"><p data-start=\"855\" data-end=\"872\">TSD deklaratsioon<\/p><\/li><li data-start=\"873\" data-end=\"890\"><p data-start=\"875\" data-end=\"890\">Puhkusearvestus<\/p><\/li><li data-start=\"891\" data-end=\"914\"><p data-start=\"893\" data-end=\"914\">T\u00f6\u00f6tasu maksuarvestus<\/p><\/li><\/ul>\t\t\t\t\t\t\t\t<\/div>\n\t\t\t\t\t<\/div>\n\t\t<\/div>\n\t\t\t\t\t<\/div>\n\t\t<\/section>\n\t\t\t\t<section class=\"elementor-section elementor-top-section elementor-element elementor-element-c6b3c28 elementor-section-boxed elementor-section-height-default elementor-section-height-default\" data-id=\"c6b3c28\" data-element_type=\"section\" data-e-type=\"section\">\n\t\t\t\t\t\t<div class=\"elementor-container elementor-column-gap-default\">\n\t\t\t\t\t<div class=\"elementor-column elementor-col-100 elementor-top-column elementor-element elementor-element-4dd6356\" data-id=\"4dd6356\" data-element_type=\"column\" data-e-type=\"column\">\n\t\t\t<div class=\"elementor-widget-wrap elementor-element-populated\">\n\t\t\t\t\t\t<div class=\"elementor-element elementor-element-dbc3026 elementor-widget elementor-widget-heading\" data-id=\"dbc3026\" data-element_type=\"widget\" data-e-type=\"widget\" data-widget_type=\"heading.default\">\n\t\t\t\t\t<h2 class=\"elementor-heading-title elementor-size-default\">Payroll<\/h2>\t\t\t\t<\/div>\n\t\t\t\t\t<\/div>\n\t\t<\/div>\n\t\t\t\t\t<\/div>\n\t\t<\/section>\n\t\t\t\t<section class=\"elementor-section elementor-top-section elementor-element elementor-element-2bde1f6 elementor-section-boxed elementor-section-height-default elementor-section-height-default\" data-id=\"2bde1f6\" data-element_type=\"section\" data-e-type=\"section\">\n\t\t\t\t\t\t<div class=\"elementor-container elementor-column-gap-default\">\n\t\t\t\t\t<div class=\"elementor-column elementor-col-100 elementor-top-column elementor-element elementor-element-20e3c50\" data-id=\"20e3c50\" data-element_type=\"column\" data-e-type=\"column\">\n\t\t\t<div class=\"elementor-widget-wrap elementor-element-populated\">\n\t\t\t\t\t\t<div class=\"elementor-element elementor-element-7683139 elementor-widget elementor-widget-text-editor\" data-id=\"7683139\" data-element_type=\"widget\" data-e-type=\"widget\" data-widget_type=\"text-editor.default\">\n\t\t\t\t\t\t\t\t\t<ul><li data-start=\"840\" data-end=\"852\"><p data-start=\"842\" data-end=\"852\">Palgalehed<\/p><\/li><li data-start=\"853\" data-end=\"872\"><p data-start=\"855\" data-end=\"872\">TSD deklaratsioon<\/p><\/li><li data-start=\"873\" data-end=\"890\"><p data-start=\"875\" data-end=\"890\">Puhkusearvestus<\/p><\/li><li data-start=\"891\" data-end=\"914\"><p data-start=\"893\" data-end=\"914\">T\u00f6\u00f6tasu maksuarvestus<\/p><\/li><\/ul>\t\t\t\t\t\t\t\t<\/div>\n\t\t\t\t\t<\/div>\n\t\t<\/div>\n\t\t\t\t\t<\/div>\n\t\t<\/section>\n\t\t\t\t<section class=\"elementor-section elementor-top-section elementor-element elementor-element-926eeb7 elementor-section-boxed elementor-section-height-default elementor-section-height-default\" data-id=\"926eeb7\" data-element_type=\"section\" data-e-type=\"section\">\n\t\t\t\t\t\t<div class=\"elementor-container elementor-column-gap-default\">\n\t\t\t\t\t<div class=\"elementor-column elementor-col-100 elementor-top-column elementor-element elementor-element-7d99417\" data-id=\"7d99417\" data-element_type=\"column\" data-e-type=\"column\">\n\t\t\t<div class=\"elementor-widget-wrap elementor-element-populated\">\n\t\t\t\t\t\t<div class=\"elementor-element elementor-element-90e85d7 elementor-widget elementor-widget-heading\" data-id=\"90e85d7\" data-element_type=\"widget\" data-e-type=\"widget\" data-widget_type=\"heading.default\">\n\t\t\t\t\t<h2 class=\"elementor-heading-title elementor-size-default\">Aastaaruande koostamine<\/h2>\t\t\t\t<\/div>\n\t\t\t\t\t<\/div>\n\t\t<\/div>\n\t\t\t\t\t<\/div>\n\t\t<\/section>\n\t\t\t\t<section class=\"elementor-section elementor-top-section elementor-element elementor-element-fe083f3 elementor-section-boxed elementor-section-height-default elementor-section-height-default\" data-id=\"fe083f3\" data-element_type=\"section\" data-e-type=\"section\">\n\t\t\t\t\t\t<div class=\"elementor-container elementor-column-gap-default\">\n\t\t\t\t\t<div class=\"elementor-column elementor-col-100 elementor-top-column elementor-element elementor-element-85e4049\" data-id=\"85e4049\" data-element_type=\"column\" data-e-type=\"column\">\n\t\t\t<div class=\"elementor-widget-wrap elementor-element-populated\">\n\t\t\t\t\t\t<div class=\"elementor-element elementor-element-6da3a64 elementor-widget elementor-widget-text-editor\" data-id=\"6da3a64\" data-element_type=\"widget\" data-e-type=\"widget\" data-widget_type=\"text-editor.default\">\n\t\t\t\t\t\t\t\t\t<ul><li data-start=\"951\" data-end=\"974\"><p data-start=\"953\" data-end=\"974\">Majandusaasta aruanne<\/p><\/li><li data-start=\"975\" data-end=\"1001\"><p data-start=\"977\" data-end=\"1001\">Esitamine \u00c4riregistrisse<\/p><\/li><li data-start=\"1002\" data-end=\"1035\"><p data-start=\"1004\" data-end=\"1035\">Vajadusel t\u00e4iendavad selgitused<\/p><\/li><\/ul>\t\t\t\t\t\t\t\t<\/div>\n\t\t\t\t\t<\/div>\n\t\t<\/div>\n\t\t\t\t\t<\/div>\n\t\t<\/section>\n\t\t\t\t<section class=\"elementor-section elementor-top-section elementor-element elementor-element-ebf6b14 elementor-section-boxed elementor-section-height-default elementor-section-height-default\" data-id=\"ebf6b14\" data-element_type=\"section\" data-e-type=\"section\">\n\t\t\t\t\t\t<div class=\"elementor-container elementor-column-gap-default\">\n\t\t\t\t\t<div class=\"elementor-column elementor-col-100 elementor-top-column elementor-element elementor-element-d6ca77c\" data-id=\"d6ca77c\" data-element_type=\"column\" data-e-type=\"column\">\n\t\t\t<div class=\"elementor-widget-wrap elementor-element-populated\">\n\t\t\t\t\t\t<div class=\"elementor-element elementor-element-cff2bbd elementor-widget elementor-widget-heading\" data-id=\"cff2bbd\" data-element_type=\"widget\" data-e-type=\"widget\" data-widget_type=\"heading.default\">\n\t\t\t\t\t<h2 class=\"elementor-heading-title elementor-size-default\"><h2 class=\"elementor-heading-title elementor-size-default elementor-inline-editing pen\" data-elementor-setting-key=\"title\" data-pen-placeholder=\"Type Here...\" style=\"font-family: Poppins, sans-serif;font-weight: 500;line-height: 46px;font-size: 38px\">Konsultatsioon ja tugi<\/h2><\/h2>\t\t\t\t<\/div>\n\t\t\t\t\t<\/div>\n\t\t<\/div>\n\t\t\t\t\t<\/div>\n\t\t<\/section>\n\t\t\t\t<section class=\"elementor-section elementor-top-section elementor-element elementor-element-a5beb23 elementor-section-boxed elementor-section-height-default elementor-section-height-default\" data-id=\"a5beb23\" data-element_type=\"section\" data-e-type=\"section\">\n\t\t\t\t\t\t<div class=\"elementor-container elementor-column-gap-default\">\n\t\t\t\t\t<div class=\"elementor-column elementor-col-100 elementor-top-column elementor-element elementor-element-15983a6\" data-id=\"15983a6\" data-element_type=\"column\" data-e-type=\"column\">\n\t\t\t<div class=\"elementor-widget-wrap elementor-element-populated\">\n\t\t\t\t\t\t<div class=\"elementor-element elementor-element-06df488 elementor-widget elementor-widget-text-editor\" data-id=\"06df488\" data-element_type=\"widget\" data-e-type=\"widget\" data-widget_type=\"text-editor.default\">\n\t\t\t\t\t\t\t\t\t<ul><li data-start=\"1071\" data-end=\"1087\"><p data-start=\"1073\" data-end=\"1087\">Maksuk\u00fcsimused<\/p><\/li><li data-start=\"1088\" data-end=\"1110\"><p data-start=\"1090\" data-end=\"1110\">Ettev\u00f5tte alustamine<\/p><\/li><li data-start=\"1138\" data-end=\"1161\"><p data-start=\"1140\" data-end=\"1161\">Igap\u00e4evane n\u00f5ustamine<\/p><\/li><\/ul>\t\t\t\t\t\t\t\t<\/div>\n\t\t\t\t\t<\/div>\n\t\t<\/div>\n\t\t\t\t\t<\/div>\n\t\t<\/section>\n\t\t\t\t<\/div>","protected":false},"excerpt":{"rendered":"<p>Raamatupidamisteenused ettev\u00f5tjale, kes tahab kindlust ja selgust Kuup\u00f5hine teenus ilma \u00fcllatusteta.Selge hinnastus. Vastus 24 tunni jooksul K\u00fcsi pakkumist Vaata hindu Igakuine raamatupidamine Palgalehed TSD deklaratsioon Puhkusearvestus T\u00f6\u00f6tasu maksuarvestus Palgaarvestus Palgalehed TSD deklaratsioon Puhkusearvestus T\u00f6\u00f6tasu maksuarvestus Aastaaruande koostamine Majandusaasta aruanne Esitamine \u00c4riregistrisse Vajadusel t\u00e4iendavad selgitused Konsultatsioon ja tugi Maksuk\u00fcsimused Ettev\u00f5tte alustamine Igap\u00e4evane n\u00f5ustamine<\/p>","protected":false},"author":1,"featured_media":0,"parent":0,"menu_order":0,"comment_status":"closed","ping_status":"closed","template":"","meta":{"_seopress_robots_primary_cat":"","_seopress_titles_title":"Raamatupidamisteenused ettev\u00f5tjatele | FinanceOwl","_seopress_titles_desc":"Pakume kuup\u00f5hist raamatupidamisteenust v\u00e4ikese ja keskmise suurusega ettev\u00f5tjatele. Selge hinnastus, kindel tugi ja vastus 24h jooksul.","_seopress_robots_index":"","footnotes":""},"class_list":["post-35798","page","type-page","status-publish","hentry"],"_links":{"self":[{"href":"https:\/\/financeowl.ee\/en\/wp-json\/wp\/v2\/pages\/35798","targetHints":{"allow":["GET"]}}],"collection":[{"href":"https:\/\/financeowl.ee\/en\/wp-json\/wp\/v2\/pages"}],"about":[{"href":"https:\/\/financeowl.ee\/en\/wp-json\/wp\/v2\/types\/page"}],"author":[{"embeddable":true,"href":"https:\/\/financeowl.ee\/en\/wp-json\/wp\/v2\/users\/1"}],"replies":[{"embeddable":true,"href":"https:\/\/financeowl.ee\/en\/wp-json\/wp\/v2\/comments?post=35798"}],"version-history":[{"count":22,"href":"https:\/\/financeowl.ee\/en\/wp-json\/wp\/v2\/pages\/35798\/revisions"}],"predecessor-version":[{"id":35834,"href":"https:\/\/financeowl.ee\/en\/wp-json\/wp\/v2\/pages\/35798\/revisions\/35834"}],"wp:attachment":[{"href":"https:\/\/financeowl.ee\/en\/wp-json\/wp\/v2\/media?parent=35798"}],"curies":[{"name":"wp","href":"https:\/\/api.w.org\/{rel}","templated":true}]}}